{"id":236,"date":"2020-12-23T14:55:22","date_gmt":"2020-12-23T17:55:22","guid":{"rendered":"https:\/\/fogofilmes.com\/?page_id=236"},"modified":"2020-12-23T15:03:48","modified_gmt":"2020-12-23T18:03:48","slug":"nos-montanha","status":"publish","type":"page","link":"https:\/\/fogofilmes.com\/index.php\/nos-montanha\/","title":{"rendered":"N\u00d3S MONTANHA"},"content":{"rendered":"\t\t<div data-elementor-type=\"wp-page\" data-elementor-id=\"236\" class=\"elementor elementor-236\" data-elementor-settings=\"[]\">\n\t\t\t\t\t\t<div class=\"elementor-inner\">\n\t\t\t\t\t\t\t<div class=\"elementor-section-wrap\">\n\t\t\t\t\t\t\t<section class=\"elementor-section elementor-top-section elementor-element elementor-element-2184813 elementor-section-boxed elementor-section-height-default elementor-section-height-default\" data-id=\"2184813\" data-element_type=\"section\">\n\t\t\t\t\t\t<div class=\"elementor-container elementor-column-gap-default\">\n\t\t\t\t\t\t\t<div class=\"elementor-row\">\n\t\t\t\t\t<div class=\"elementor-column elementor-col-100 elementor-top-column elementor-element elementor-element-94b626f\" data-id=\"94b626f\" data-element_type=\"column\">\n\t\t\t<div class=\"elementor-column-wrap elementor-element-populated\">\n\t\t\t\t\t\t\t<div class=\"elementor-widget-wrap\">\n\t\t\t\t\t\t<div class=\"elementor-element elementor-element-fdea4cb elementor-aspect-ratio-169 elementor-widget elementor-widget-video\" data-id=\"fdea4cb\" data-element_type=\"widget\" data-settings=\"{&quot;aspect_ratio&quot;:&quot;169&quot;}\" data-widget_type=\"video.default\">\n\t\t\t\t<div class=\"elementor-widget-container\">\n\t\t\t\t\t<div class=\"elementor-wrapper elementor-fit-aspect-ratio elementor-open-inline\">\n\t\t\t<iframe class=\"elementor-video-iframe\" allowfullscreen title=\"vimeo Video Player\" src=\"https:\/\/player.vimeo.com\/video\/284431550?color&amp;autopause=0&amp;loop=0&amp;muted=0&amp;title=1&amp;portrait=1&amp;byline=1#t=\"><\/iframe>\t\t<\/div>\n\t\t\t\t<\/div>\n\t\t\t\t<\/div>\n\t\t\t\t\t\t<\/div>\n\t\t\t\t\t<\/div>\n\t\t<\/div>\n\t\t\t\t\t\t\t\t<\/div>\n\t\t\t\t\t<\/div>\n\t\t<\/section>\n\t\t\t\t<section class=\"elementor-section elementor-top-section elementor-element elementor-element-05515bf elementor-section-boxed elementor-section-height-default elementor-section-height-default\" data-id=\"05515bf\" data-element_type=\"section\">\n\t\t\t\t\t\t<div class=\"elementor-container elementor-column-gap-default\">\n\t\t\t\t\t\t\t<div class=\"elementor-row\">\n\t\t\t\t\t<div class=\"elementor-column elementor-col-100 elementor-top-column elementor-element elementor-element-a86989c\" data-id=\"a86989c\" data-element_type=\"column\">\n\t\t\t<div class=\"elementor-column-wrap elementor-element-populated\">\n\t\t\t\t\t\t\t<div class=\"elementor-widget-wrap\">\n\t\t\t\t\t\t<section class=\"elementor-section elementor-inner-section elementor-element elementor-element-9c2f156 elementor-section-boxed elementor-section-height-default elementor-section-height-default\" data-id=\"9c2f156\" data-element_type=\"section\">\n\t\t\t\t\t\t<div class=\"elementor-container elementor-column-gap-default\">\n\t\t\t\t\t\t\t<div class=\"elementor-row\">\n\t\t\t\t\t<div class=\"elementor-column elementor-col-50 elementor-inner-column elementor-element elementor-element-580a5df\" data-id=\"580a5df\" data-element_type=\"column\">\n\t\t\t<div class=\"elementor-column-wrap elementor-element-populated\">\n\t\t\t\t\t\t\t<div class=\"elementor-widget-wrap\">\n\t\t\t\t\t\t<div class=\"elementor-element elementor-element-5102858 elementor-widget elementor-widget-text-editor\" data-id=\"5102858\" data-element_type=\"widget\" data-widget_type=\"text-editor.default\">\n\t\t\t\t<div class=\"elementor-widget-container\">\n\t\t\t\t\t<div class=\"elementor-text-editor elementor-clearfix\"><p><strong>SINOPSE<\/strong><br \/>Carol, Daniel e Yara t\u00eam suas vidas conectadas pela m\u00fasica. Um sonho, um sinal, vindo de cima, atemporal.\u00a0<br \/><br \/><strong>FESTIVAIS<\/strong><br \/>46\u00ba Festival de Gramado &#8211; Mostra Ga\u00facha<br \/><span style=\"color: #993300;\">Melhor M\u00fasica &#8211; 2018<br \/><span style=\"color: #333333;\">9\u00ba Festival CineSerra <\/span><br \/>Melhor M\u00fasica &#8211; 2020<br \/><\/span>FIBABC &#8211; Ibero-American Festival of Short films (Espanha)<br \/>Sele\u00e7\u00e3o Oficial &#8211; 2018<br \/>Mostra do Filme Livre<br \/>Sele\u00e7\u00e3o Oficial &#8211; 2019<br \/>2\u00ba Festival Cinema Jaragu\u00e1 do Sul<br \/>Sele\u00e7\u00e3o Oficial &#8211; 2019<br \/>3\u00ba Mostra de Cinema de Fama<br \/>Mostra Nacional &#8211; 2019<br \/><br \/><strong>EQUIPE<\/strong><br \/>Produtora: Epifania Filmes, Fogo Filmes<br \/>Roteiro, dire\u00e7\u00e3o, montagem: Gabriel Motta<br \/>Produ\u00e7\u00e3o Executiva: Mariana M\u00eamis M\u00fcller, Gabriel Motta<br \/>Dire\u00e7\u00e3o de Produ\u00e7\u00e3o: Mariana M\u00eamis M\u00fcller<br \/>Assist\u00eancia de Dire\u00e7\u00e3o: Mariani Ferreira<br \/>Dire\u00e7\u00e3o de Fotografia: L\u00edvia Pasqual<br \/>Dire\u00e7\u00e3o de Arte: Maur\u00edcio Bispo, Richard Tavares<br \/>T\u00e9cnico de Som: Tomaz Vasconcellos Borges<br \/>Trilha Original: Jonts Ferreira<br \/>Finaliza\u00e7\u00e3o: Rafael Duarte<br \/>Cor: Juliano Moreira<br \/>Desenho de Som: Ivan Lemos, Tomaz Vasconcellos Borges<br \/>Mixagem: Ivan Lemos<\/p><\/div>\n\t\t\t\t<\/div>\n\t\t\t\t<\/div>\n\t\t\t\t\t\t<\/div>\n\t\t\t\t\t<\/div>\n\t\t<\/div>\n\t\t\t\t<div class=\"elementor-column elementor-col-50 elementor-inner-column elementor-element elementor-element-8602f1f\" data-id=\"8602f1f\" data-element_type=\"column\">\n\t\t\t<div class=\"elementor-column-wrap elementor-element-populated\">\n\t\t\t\t\t\t\t<div class=\"elementor-widget-wrap\">\n\t\t\t\t\t\t<div class=\"elementor-element elementor-element-2861df3 elementor-widget elementor-widget-text-editor\" data-id=\"2861df3\" data-element_type=\"widget\" data-widget_type=\"text-editor.default\">\n\t\t\t\t<div class=\"elementor-widget-container\">\n\t\t\t\t\t<div class=\"elementor-text-editor elementor-clearfix\"><p><strong>SYNOPSIS<\/strong><br \/>A dream, a sign, coming from above, timeless.<br \/><br \/><strong>FESTIVALS<\/strong><br \/>46\u00ba Festival de Gramado &#8211; Mostra Ga\u00facha<br \/><span style=\"color: #993300;\">Best Music &#8211; 2018<br \/><span style=\"color: #333333;\">9\u00ba Festival CineSerra <\/span><br \/>Best Music &#8211; 2020<br \/><\/span>FIBABC &#8211; Ibero-American Festival of Short films (Espanha)<br \/>Official Selection &#8211; 2018<br \/>Mostra do Filme Livre<br \/>Official Selection &#8211; 2019<br \/>2\u00ba Festival Cinema Jaragu\u00e1 do Sul<br \/>Official Selection\u00a0&#8211; 2019<br \/>3\u00ba Mostra de Cinema de Fama<br \/>Official Selection &#8211; 2019<br \/><br \/><strong>CREW<\/strong><br \/>Produtora Companies: Epifania Filmes, Fogo Filmes<br \/>Script, Director, Editor: Gabriel Motta<br \/>Executive Producer: Mariana M\u00eamis M\u00fcller, Gabriel Motta<br \/>Producer: Mariana M\u00eamis M\u00fcller<br \/>1st AD: Mariani Ferreira<br \/>Cinematography: L\u00edvia Pasqual<br \/>Set Design: Maur\u00edcio Bispo, Richard Tavares<br \/>Sound Engineer:\u00a0 Tomaz Vasconcellos Borges<br \/>Original Music: Jonts Ferreira<br \/>VFX: Rafael Duarte<br \/>Color Grading: Juliano Moreira<br \/>Sound Design: Ivan Lemos, Tomaz Vasconcellos Borges<br \/>Mix: Ivan Lemos<\/p><\/div>\n\t\t\t\t<\/div>\n\t\t\t\t<\/div>\n\t\t\t\t\t\t<\/div>\n\t\t\t\t\t<\/div>\n\t\t<\/div>\n\t\t\t\t\t\t\t\t<\/div>\n\t\t\t\t\t<\/div>\n\t\t<\/section>\n\t\t\t\t\t\t<\/div>\n\t\t\t\t\t<\/div>\n\t\t<\/div>\n\t\t\t\t\t\t\t\t<\/div>\n\t\t\t\t\t<\/div>\n\t\t<\/section>\n\t\t\t\t\t\t<\/div>\n\t\t\t\t\t\t<\/div>\n\t\t\t\t\t<\/div>\n\t\t","protected":false},"excerpt":{"rendered":"<p>https:\/\/vimeo.com\/284431550 SINOPSECarol, Daniel e Yara t\u00eam suas vidas conectadas pela m\u00fasica. Um sonho, um sinal, vindo de cima, atemporal.\u00a0 FESTIVAIS46\u00ba Festival de Gramado &#8211; Mostra Ga\u00fachaMelhor M\u00fasica &#8211; 20189\u00ba Festival<\/p>\n<p class=\"more-link\"><a href=\"https:\/\/fogofilmes.com\/index.php\/nos-montanha\/\" class=\"readmore\">Read More<svg class=\"icon icon-angle-right\" aria-hidden=\"true\" role=\"img\"> <use href=\"#icon-angle-right\" xlink:href=\"#icon-angle-right\"><\/use> <\/svg><span class=\"screen-reader-text\">N\u00d3S MONTANHA<\/span><\/a><\/p>\n","protected":false},"author":1,"featured_media":0,"parent":0,"menu_order":0,"comment_status":"closed","ping_status":"closed","template":"","meta":[],"_links":{"self":[{"href":"https:\/\/fogofilmes.com\/index.php\/wp-json\/wp\/v2\/pages\/236"}],"collection":[{"href":"https:\/\/fogofilmes.com\/index.php\/wp-json\/wp\/v2\/pages"}],"about":[{"href":"https:\/\/fogofilmes.com\/index.php\/wp-json\/wp\/v2\/types\/page"}],"author":[{"embeddable":true,"href":"https:\/\/fogofilmes.com\/index.php\/wp-json\/wp\/v2\/users\/1"}],"replies":[{"embeddable":true,"href":"https:\/\/fogofilmes.com\/index.php\/wp-json\/wp\/v2\/comments?post=236"}],"version-history":[{"count":5,"href":"https:\/\/fogofilmes.com\/index.php\/wp-json\/wp\/v2\/pages\/236\/revisions"}],"predecessor-version":[{"id":241,"href":"https:\/\/fogofilmes.com\/index.php\/wp-json\/wp\/v2\/pages\/236\/revisions\/241"}],"wp:attachment":[{"href":"https:\/\/fogofilmes.com\/index.php\/wp-json\/wp\/v2\/media?parent=236"}],"curies":[{"name":"wp","href":"https:\/\/api.w.org\/{rel}","templated":true}]}}