{"id":113,"date":"2020-12-16T17:09:45","date_gmt":"2020-12-16T20:09:45","guid":{"rendered":"http:\/\/fogofilmes.com\/?page_id=113"},"modified":"2023-05-17T13:29:55","modified_gmt":"2023-05-17T16:29:55","slug":"the-embrace","status":"publish","type":"page","link":"https:\/\/fogofilmes.com\/index.php\/the-embrace\/","title":{"rendered":"The Embrace"},"content":{"rendered":"\t\t<div data-elementor-type=\"wp-page\" data-elementor-id=\"113\" class=\"elementor elementor-113\" data-elementor-settings=\"[]\">\n\t\t\t\t\t\t<div class=\"elementor-inner\">\n\t\t\t\t\t\t\t<div class=\"elementor-section-wrap\">\n\t\t\t\t\t\t\t<section class=\"elementor-section elementor-top-section elementor-element elementor-element-45dca727 elementor-section-boxed elementor-section-height-default elementor-section-height-default\" data-id=\"45dca727\" data-element_type=\"section\">\n\t\t\t\t\t\t<div class=\"elementor-container elementor-column-gap-default\">\n\t\t\t\t\t\t\t<div class=\"elementor-row\">\n\t\t\t\t\t<div class=\"elementor-column elementor-col-100 elementor-top-column elementor-element elementor-element-352bac83\" data-id=\"352bac83\" data-element_type=\"column\">\n\t\t\t<div class=\"elementor-column-wrap elementor-element-populated\">\n\t\t\t\t\t\t\t<div class=\"elementor-widget-wrap\">\n\t\t\t\t\t\t<div class=\"elementor-element elementor-element-602f508 elementor-widget elementor-widget-text-editor\" data-id=\"602f508\" data-element_type=\"widget\" data-widget_type=\"text-editor.default\">\n\t\t\t\t<div class=\"elementor-widget-container\">\n\t\t\t\t\t<div class=\"elementor-text-editor elementor-clearfix\"><!-- wp:fl-builder\/layout \/--><\/div>\n\t\t\t\t<\/div>\n\t\t\t\t<\/div>\n\t\t\t\t\t\t<\/div>\n\t\t\t\t\t<\/div>\n\t\t<\/div>\n\t\t\t\t\t\t\t\t<\/div>\n\t\t\t\t\t<\/div>\n\t\t<\/section>\n\t\t\t\t<section class=\"elementor-section elementor-top-section elementor-element elementor-element-2415512 elementor-section-boxed elementor-section-height-default elementor-section-height-default\" data-id=\"2415512\" data-element_type=\"section\">\n\t\t\t\t\t\t<div class=\"elementor-container elementor-column-gap-default\">\n\t\t\t\t\t\t\t<div class=\"elementor-row\">\n\t\t\t\t\t<div class=\"elementor-column elementor-col-100 elementor-top-column elementor-element elementor-element-622a15d\" data-id=\"622a15d\" data-element_type=\"column\">\n\t\t\t<div class=\"elementor-column-wrap elementor-element-populated\">\n\t\t\t\t\t\t\t<div class=\"elementor-widget-wrap\">\n\t\t\t\t\t\t<div class=\"elementor-element elementor-element-045af97 elementor-aspect-ratio-219 elementor-widget elementor-widget-video\" data-id=\"045af97\" data-element_type=\"widget\" data-settings=\"{&quot;aspect_ratio&quot;:&quot;219&quot;}\" data-widget_type=\"video.default\">\n\t\t\t\t<div class=\"elementor-widget-container\">\n\t\t\t\t\t<div class=\"elementor-wrapper elementor-fit-aspect-ratio elementor-open-inline\">\n\t\t\t<iframe class=\"elementor-video-iframe\" allowfullscreen title=\"vimeo Video Player\" src=\"https:\/\/player.vimeo.com\/video\/506787286?color&amp;autopause=0&amp;loop=0&amp;muted=0&amp;title=1&amp;portrait=1&amp;byline=1#t=\"><\/iframe>\t\t<\/div>\n\t\t\t\t<\/div>\n\t\t\t\t<\/div>\n\t\t\t\t\t\t<\/div>\n\t\t\t\t\t<\/div>\n\t\t<\/div>\n\t\t\t\t\t\t\t\t<\/div>\n\t\t\t\t\t<\/div>\n\t\t<\/section>\n\t\t\t\t<section class=\"elementor-section elementor-top-section elementor-element elementor-element-d4c168f elementor-section-boxed elementor-section-height-default elementor-section-height-default\" data-id=\"d4c168f\" data-element_type=\"section\">\n\t\t\t\t\t\t<div class=\"elementor-container elementor-column-gap-default\">\n\t\t\t\t\t\t\t<div class=\"elementor-row\">\n\t\t\t\t\t<div class=\"elementor-column elementor-col-100 elementor-top-column elementor-element elementor-element-64bbdce\" data-id=\"64bbdce\" data-element_type=\"column\">\n\t\t\t<div class=\"elementor-column-wrap elementor-element-populated\">\n\t\t\t\t\t\t\t<div class=\"elementor-widget-wrap\">\n\t\t\t\t\t\t<section class=\"elementor-section elementor-inner-section elementor-element elementor-element-0d48a41 elementor-section-boxed elementor-section-height-default elementor-section-height-default\" data-id=\"0d48a41\" data-element_type=\"section\">\n\t\t\t\t\t\t<div class=\"elementor-container elementor-column-gap-default\">\n\t\t\t\t\t\t\t<div class=\"elementor-row\">\n\t\t\t\t\t<div class=\"elementor-column elementor-col-50 elementor-inner-column elementor-element elementor-element-18d821a\" data-id=\"18d821a\" data-element_type=\"column\">\n\t\t\t<div class=\"elementor-column-wrap elementor-element-populated\">\n\t\t\t\t\t\t\t<div class=\"elementor-widget-wrap\">\n\t\t\t\t\t\t<div class=\"elementor-element elementor-element-00bf19c elementor-widget elementor-widget-text-editor\" data-id=\"00bf19c\" data-element_type=\"widget\" data-widget_type=\"text-editor.default\">\n\t\t\t\t<div class=\"elementor-widget-container\">\n\t\t\t\t\t<div class=\"elementor-text-editor elementor-clearfix\"><p><strong>PR\u00caMIA\u00c7\u00d5ES<\/strong><\/p>\n<ul>\n<li><span style=\"font-size: inherit;\">Melhor curta-metragem internacional &#8211; Little Dracula Award &#8211; 10\u00ba Dracula Film Festival (Romenia, October\/22) <\/span><\/li>\n<li><span style=\"font-size: inherit;\">Melhor Fotografia &#8211; Mostra Ga\u00facha do Festival de Gramado (Brasil, Agosto\/22) <\/span><\/li>\n<li><span style=\"font-size: inherit;\">Melhor Desenho de Som &#8211; Kiko Ferraz &amp; Ricardo Costa &#8211; Festival Santa Cruz de Cinema (Brasil, October\/22) <\/span><\/li>\n<li><span style=\"font-size: inherit;\">Melhor Dire\u00e7\u00e3o &#8211; Canadian Cinematography Awards (CaCA) <\/span><\/li>\n<li><span style=\"font-size: inherit;\">Melhor Fotografia &#8211; Canadian Cinematography Awards (CaCA)<\/span><\/li>\n<li><span style=\"font-size: inherit;\">Melhor Fotografia &#8211; Curta Taquary &#8211; Mostra Fant\u00e1stica (23)<\/span><\/li>\n<li><span style=\"font-size: inherit;\">Melhor Figurino &#8211; Curta Taquary &#8211; Mostra Fant\u00e1sfica (23)<\/span><\/li>\n<\/ul>\n<p><strong>FESTIVAIS<br \/><\/strong>50\u00ba Festival de Cinema de Gramado &#8211; Mostra Ga\u00facha (Brasil, Agosto\/22) 16\u00ba FEST &#8211; New Directors, New Films (Portugal, June\/22) &#8211; Echoes 15\u00ba Festival Europeu de Cinema Fant\u00e1stico de Estrasburgo &#8211; Sele\u00e7\u00e3o Oficial (Fran\u00e7a, Setembro\/22), 19\u00ba Fantaspoa Int&#8217;l Film Festival &#8211; Sele\u00e7\u00e3o Oficial (Brasil, 23) 41\u00ba Terror Molins (Espanha, Outubro\/22) &#8211; Se\u00e7\u00e3o Globus 5\u00ba Festival Santa Cruz de Cinema (Brasil, Outubro\/22) &#8211; Sele\u00e7\u00e3o Oficial 10\u00ba Dracula International Film Festival (Rom\u00eania, Outubro\/22) &#8211; Sele\u00e7\u00e3o Internacional 15\u00ba Morbido Film Festival (M\u00e9xico, Outubro\/22) &#8211; Sele\u00e7\u00e3o Internacional 5\u00ba FantasN\u00f3ia &#8211; Sele\u00e7\u00e3o Oficial (Brasil, Novembro\/22) Crash &#8211; International Fantastic Film Festival (Brasil, Dezembro\/22),\u00a0 Fecsta &#8211; Festival de Cinema de Santa Teresa (Brasil, 23), Friss H\u00fas Budapest Int&#8217;l Short-Film Festival (Hungria, 23).\u00a0<\/p>\n<p><strong>SINOPSE<\/strong><br \/>Uma ca\u00e7ada de cervos entre pai e filho carrega o peso de uma tradi\u00e7\u00e3o familiar. Por\u00e9m, sua intrus\u00e3o perturba o equil\u00edbrio da floresta e desperta a for\u00e7a oculta que a protege.<\/p>\n<p><strong>EQUIPE<\/strong><br \/>Dire\u00e7\u00e3o: Gabriel Motta<br \/>Elenco: Raul Ionescu, Zsolt Trill, Athina Papadimitriu, N\u00f3ra Trok\u00e1n<br \/>Produ\u00e7\u00e3o: Gabriel Motta, Gy\u00f6rgy P\u00e1los, Linda Pfeiffer, Ferenc Pusztai<br \/>Roteiro: Gabriel Motta, Guilherme Somensato, M\u00e1rcio-Andr\u00e9 de Sousa Haz<br \/>Dire\u00e7\u00e3o de Fotografia: Fl\u00f3ra Fecske<br \/>Dire\u00e7\u00e3o de Arte: Guilherme Somensato (not Soares)<br \/>Edi\u00e7\u00e3o: Gabriel Motta<br \/>Desenho de Som: Kiko Ferraz<br \/>M\u00fasica Original: Jonts Ferreira<br \/>Produ\u00e7\u00e3o Executiva: J\u00e1nos Nagy<br \/>Dire\u00e7\u00e3o de Produ\u00e7\u00e3o: Marcell Szy<br \/>Assistente de Produ\u00e7\u00e3o: Fanni Gil\u00e1nyi<br \/>Assistente de Dire\u00e7\u00e3o: Mate Nagy<\/p><\/div>\n\t\t\t\t<\/div>\n\t\t\t\t<\/div>\n\t\t\t\t\t\t<\/div>\n\t\t\t\t\t<\/div>\n\t\t<\/div>\n\t\t\t\t<div class=\"elementor-column elementor-col-50 elementor-inner-column elementor-element elementor-element-12cf606\" data-id=\"12cf606\" data-element_type=\"column\">\n\t\t\t<div class=\"elementor-column-wrap elementor-element-populated\">\n\t\t\t\t\t\t\t<div class=\"elementor-widget-wrap\">\n\t\t\t\t\t\t<div class=\"elementor-element elementor-element-b881e3e elementor-widget elementor-widget-text-editor\" data-id=\"b881e3e\" data-element_type=\"widget\" data-widget_type=\"text-editor.default\">\n\t\t\t\t<div class=\"elementor-widget-container\">\n\t\t\t\t\t<div class=\"elementor-text-editor elementor-clearfix\"><p><strong>AWARDS <br \/><\/strong><\/p>\n<ul>\n<li>Best International Short-Film &#8211; Little Dracula Award &#8211; 10th Dracula Film Festival (Romenia, October\/22)<\/li>\n<li>Best Cinematography &#8211; DOP: Flora Fecske &#8211; 50th Gramado Film Festival (Brazil, August\/22)<\/li>\n<li>Best Sound Design &#8211; Kiko Ferraz &amp; Ricardo Costa &#8211; 5th Santa Cruz Film Festival (Brazil, October\/22)<\/li>\n<li>Best Directing &#8211; Canadian Cinematography Awards (CaCA) Best Cinematography &#8211; Canadian Cinematography Awards (CaCA)<\/li>\n<li>Best Cinematography &#8211; Curta Taquary (2023)<\/li>\n<li>Best Costume Design &#8211; Curta Taquary (2023)<br \/><strong><br \/>FESTIVALS <br \/><\/strong>16th FEST &#8211; New directors, new films (Portugal, June\/22) 50th Gramado Film Festival (Brazil, August\/22) 15th Strasbourg European Fantastic Film Festival &#8211; Official Selection (France, September\/22), 19th Fantaspoa Int&#8217;l Fantastic Film Festival &#8211; Official Selection (Brazil, 23) 41th Terror Molins &#8211; Globus Section (Spain, October\/22) Santa Cruz Film Festival &#8211; Official Selection (Brazil, October\/22) 10th Dracula Film Festival &#8211; International Competition (Romenia, October\/22) 15th Morbido Film Festival &#8211; International Competition (Mexico, October\/22) 5th FantasN\u00f3ia &#8211; Main Competition (Brazil, October\/22) Crash International Fantastic Film Festival (Brazil, December\/22), Fecsta &#8211; Festival de Cinema de Santa Teresa (Brazil, 23), Friss H\u00fas Budapest Int&#8217;l Short-Film Festival (Hungary, 23).<br \/><br \/>\n<p><strong>SYNOPSIS<br \/><\/strong>In the Hungarian wilderness, a father tries to reconnect with his son on a hunt. Unawarely, their intrusion disturbs the balance of the forest, and awakens its female spirit. A coming-of-age tale about a teenage boy who is willing to be embraced.<\/p>\n<p><strong>\u00a0<\/strong><\/p>\n<p><strong>CREW<br \/><\/strong>Director: Gabriel Motta<strong><br \/><\/strong>Cast: Raul Ionescu, Zsolt Trill, Athina Papadimitriu, N\u00f3ra Trok\u00e1n<br \/>Producers &#8211; Gabriel Motta, Gy\u00f6rgy P\u00e1los, Linda Pfeiffer,\u00a0 Ferenc Pusztai<br \/>Script &#8211; Gabriel Motta, Guilherme Somensato, M\u00e1rcio-Andr\u00e9 de Sousa Haz<br \/>Cinematography &#8211; Fl\u00f3ra Fecske<br \/>Art director &#8211; Guilherme Somensato <br \/>Editor &#8211; Gabriel Motta<br \/>Sound designer &#8211; Kiko Ferraz<br \/>Original Music &#8211; Jonts Ferreira<br \/>Executive Producer &#8211; J\u00e1nos Nagy<br \/>Line Producer &#8211; Marcell Szy<br \/>Production Manager &#8211; Fanni Gil\u00e1nyi<br \/>Assistant Director &#8211; Mate Nagy<br \/>Script Supervisor &#8211; R\u00e1hel Kern\u00e1cs<br \/>Production Assistant &#8211; Attila Szamosv\u00e1ri<br \/>Sound Engineer &#8211; Rich\u00e1rd Endr\u00e9di<br \/>Focus Puller &#8211; Mil\u00e1n Maruszki<br \/>Camera Assistant &#8211; B\u00e1lint L\u00e1di<br \/>Gaffer &#8211; Eszter Galambos<br \/>Best Boy &#8211; M\u00e1rton Kov\u00e1cs<br \/>Lighting Technician &#8211; P\u00e9ter Farag\u00f3<br \/>Set Designer Assistant &#8211; Kinga H\u00e1rn\u00e1si<br \/>Makeup Artist &#8211; Eszter Pacsi Balogh<br \/>Costume Designer &#8211; Adrienn Rudolf<br \/>Assistant Costume Designer &#8211; Lilla Cset\u00e9nyi<br \/>Data Manager &#8211; Gy\u00f6rgy L\u00e1ng<br \/>Visual Effects &#8211; Tam\u00e1s Tarczi, Rafael Duarte<br \/>Color Grading &#8211; Rafael Duarte<br \/>Supervising Sound Editors &#8211; Kiko Ferraz, Chr\u00edstian Vaisz<br \/>Foley Recordist and Editor &#8211; Renato Galimberti<br \/>Re-Recording Mixer &#8211; Ricardo Costa<\/p>\n<\/li>\n<\/ul><\/div>\n\t\t\t\t<\/div>\n\t\t\t\t<\/div>\n\t\t\t\t\t\t<\/div>\n\t\t\t\t\t<\/div>\n\t\t<\/div>\n\t\t\t\t\t\t\t\t<\/div>\n\t\t\t\t\t<\/div>\n\t\t<\/section>\n\t\t\t\t\t\t<\/div>\n\t\t\t\t\t<\/div>\n\t\t<\/div>\n\t\t\t\t\t\t\t\t<\/div>\n\t\t\t\t\t<\/div>\n\t\t<\/section>\n\t\t\t\t\t\t<\/div>\n\t\t\t\t\t\t<\/div>\n\t\t\t\t\t<\/div>\n\t\t","protected":false},"excerpt":{"rendered":"<p>https:\/\/vimeo.com\/506787286 PR\u00caMIA\u00c7\u00d5ES Melhor curta-metragem internacional &#8211; Little Dracula Award &#8211; 10\u00ba Dracula Film Festival (Romenia, October\/22) Melhor Fotografia &#8211; Mostra Ga\u00facha do Festival de Gramado (Brasil, Agosto\/22) Melhor Desenho de<\/p>\n<p class=\"more-link\"><a href=\"https:\/\/fogofilmes.com\/index.php\/the-embrace\/\" class=\"readmore\">Read More<svg class=\"icon icon-angle-right\" aria-hidden=\"true\" role=\"img\"> <use href=\"#icon-angle-right\" xlink:href=\"#icon-angle-right\"><\/use> <\/svg><span class=\"screen-reader-text\">The Embrace<\/span><\/a><\/p>\n","protected":false},"author":1,"featured_media":0,"parent":0,"menu_order":0,"comment_status":"closed","ping_status":"closed","template":"","meta":[],"_links":{"self":[{"href":"https:\/\/fogofilmes.com\/index.php\/wp-json\/wp\/v2\/pages\/113"}],"collection":[{"href":"https:\/\/fogofilmes.com\/index.php\/wp-json\/wp\/v2\/pages"}],"about":[{"href":"https:\/\/fogofilmes.com\/index.php\/wp-json\/wp\/v2\/types\/page"}],"author":[{"embeddable":true,"href":"https:\/\/fogofilmes.com\/index.php\/wp-json\/wp\/v2\/users\/1"}],"replies":[{"embeddable":true,"href":"https:\/\/fogofilmes.com\/index.php\/wp-json\/wp\/v2\/comments?post=113"}],"version-history":[{"count":15,"href":"https:\/\/fogofilmes.com\/index.php\/wp-json\/wp\/v2\/pages\/113\/revisions"}],"predecessor-version":[{"id":270,"href":"https:\/\/fogofilmes.com\/index.php\/wp-json\/wp\/v2\/pages\/113\/revisions\/270"}],"wp:attachment":[{"href":"https:\/\/fogofilmes.com\/index.php\/wp-json\/wp\/v2\/media?parent=113"}],"curies":[{"name":"wp","href":"https:\/\/api.w.org\/{rel}","templated":true}]}}